{"id":949,"date":"2021-10-23T08:14:17","date_gmt":"2021-10-23T12:14:17","guid":{"rendered":"http:\/\/altruisticsbeerbreadbakery.ca\/?page_id=949"},"modified":"2026-02-24T14:27:17","modified_gmt":"2026-02-24T19:27:17","slug":"al-truistics-beer-bread-bakery-method-video","status":"publish","type":"page","link":"https:\/\/altruisticsbeerbreadbakery.ca\/?page_id=949","title":{"rendered":"How Tos"},"content":{"rendered":"\n<p class=\"has-text-align-center has-medium-font-size\">Al Truistic&#8217;s Beer Bread Bakery&#8217;s methods and videos.<\/p>\n\n\n\n<p class=\"has-text-align-center has-large-font-size\">PLEASE NOTE: <\/p>\n\n\n\n<p class=\"has-text-align-center has-large-font-size\">DO NOT USE BEERS BREWED WITH COFFEE<\/p>\n\n\n\n<p class=\"has-text-align-center has-large-font-size\">COFFEE KILLS THE YEAST AND THE DOUGH WILL NOT RISE.<\/p>\n\n\n\n<figure class=\"wp-block-image size-large\"><img fetchpriority=\"high\" decoding=\"async\" width=\"791\" height=\"1024\" src=\"https:\/\/altruisticsbeerbreadbakery.ca\/wp-content\/uploads\/2021\/06\/inserts_QRCode-1-791x1024.jpg\" alt=\"\" class=\"wp-image-1090\" srcset=\"https:\/\/altruisticsbeerbreadbakery.ca\/wp-content\/uploads\/2021\/06\/inserts_QRCode-1-791x1024.jpg 791w, https:\/\/altruisticsbeerbreadbakery.ca\/wp-content\/uploads\/2021\/06\/inserts_QRCode-1-232x300.jpg 232w, https:\/\/altruisticsbeerbreadbakery.ca\/wp-content\/uploads\/2021\/06\/inserts_QRCode-1-768x994.jpg 768w, https:\/\/altruisticsbeerbreadbakery.ca\/wp-content\/uploads\/2021\/06\/inserts_QRCode-1-1187x1536.jpg 1187w, https:\/\/altruisticsbeerbreadbakery.ca\/wp-content\/uploads\/2021\/06\/inserts_QRCode-1.jpg 1224w\" sizes=\"(max-width: 791px) 100vw, 791px\" \/><figcaption class=\"wp-element-caption\">Method p1<\/figcaption><\/figure>\n\n\n\n<figure class=\"wp-block-image size-large\"><img decoding=\"async\" width=\"791\" height=\"1024\" src=\"https:\/\/altruisticsbeerbreadbakery.ca\/wp-content\/uploads\/2021\/06\/inserts_QRCode-2-791x1024.jpg\" alt=\"\" class=\"wp-image-1091\" srcset=\"https:\/\/altruisticsbeerbreadbakery.ca\/wp-content\/uploads\/2021\/06\/inserts_QRCode-2-791x1024.jpg 791w, https:\/\/altruisticsbeerbreadbakery.ca\/wp-content\/uploads\/2021\/06\/inserts_QRCode-2-232x300.jpg 232w, https:\/\/altruisticsbeerbreadbakery.ca\/wp-content\/uploads\/2021\/06\/inserts_QRCode-2-768x994.jpg 768w, https:\/\/altruisticsbeerbreadbakery.ca\/wp-content\/uploads\/2021\/06\/inserts_QRCode-2-1187x1536.jpg 1187w, https:\/\/altruisticsbeerbreadbakery.ca\/wp-content\/uploads\/2021\/06\/inserts_QRCode-2.jpg 1224w\" sizes=\"(max-width: 791px) 100vw, 791px\" \/><figcaption class=\"wp-element-caption\">Method p2<\/figcaption><\/figure>\n\n\n\n<figure class=\"wp-block-image size-full\"><img decoding=\"async\" width=\"648\" height=\"792\" src=\"https:\/\/altruisticsbeerbreadbakery.ca\/wp-content\/uploads\/2021\/06\/inserts_french-1.jpg\" alt=\"\" class=\"wp-image-1088\" srcset=\"https:\/\/altruisticsbeerbreadbakery.ca\/wp-content\/uploads\/2021\/06\/inserts_french-1.jpg 648w, https:\/\/altruisticsbeerbreadbakery.ca\/wp-content\/uploads\/2021\/06\/inserts_french-1-245x300.jpg 245w\" sizes=\"(max-width: 648px) 100vw, 648px\" \/><figcaption class=\"wp-element-caption\">M\u00e9thode &#8211; p1<\/figcaption><\/figure>\n\n\n\n<figure class=\"wp-block-image size-full is-resized\"><img loading=\"lazy\" decoding=\"async\" width=\"648\" height=\"792\" src=\"https:\/\/altruisticsbeerbreadbakery.ca\/wp-content\/uploads\/2021\/06\/inserts_french-2.jpg\" alt=\"\" class=\"wp-image-1089\" style=\"aspect-ratio:0.8181818181818182;width:648px;height:auto\" srcset=\"https:\/\/altruisticsbeerbreadbakery.ca\/wp-content\/uploads\/2021\/06\/inserts_french-2.jpg 648w, https:\/\/altruisticsbeerbreadbakery.ca\/wp-content\/uploads\/2021\/06\/inserts_french-2-245x300.jpg 245w\" sizes=\"(max-width: 648px) 100vw, 648px\" \/><figcaption class=\"wp-element-caption\">M\u00e9thode &#8211; p2<\/figcaption><\/figure>\n\n\n\n<figure class=\"wp-block-image size-full\"><img loading=\"lazy\" decoding=\"async\" width=\"566\" height=\"839\" src=\"https:\/\/altruisticsbeerbreadbakery.ca\/wp-content\/uploads\/2023\/03\/Bread-Machine-method.jpg\" alt=\"\" class=\"wp-image-1669\" srcset=\"https:\/\/altruisticsbeerbreadbakery.ca\/wp-content\/uploads\/2023\/03\/Bread-Machine-method.jpg 566w, https:\/\/altruisticsbeerbreadbakery.ca\/wp-content\/uploads\/2023\/03\/Bread-Machine-method-202x300.jpg 202w\" sizes=\"(max-width: 566px) 100vw, 566px\" \/><figcaption class=\"wp-element-caption\">Bread Machine Method<\/figcaption><\/figure>\n\n\n\n<figure class=\"wp-block-image size-large\"><img loading=\"lazy\" decoding=\"async\" width=\"791\" height=\"1024\" src=\"https:\/\/altruisticsbeerbreadbakery.ca\/wp-content\/uploads\/2024\/03\/Frozen-Dough-Method-2024-1-791x1024.jpg\" alt=\"\" class=\"wp-image-2145\" srcset=\"https:\/\/altruisticsbeerbreadbakery.ca\/wp-content\/uploads\/2024\/03\/Frozen-Dough-Method-2024-1-791x1024.jpg 791w, https:\/\/altruisticsbeerbreadbakery.ca\/wp-content\/uploads\/2024\/03\/Frozen-Dough-Method-2024-1-232x300.jpg 232w, https:\/\/altruisticsbeerbreadbakery.ca\/wp-content\/uploads\/2024\/03\/Frozen-Dough-Method-2024-1-768x994.jpg 768w, https:\/\/altruisticsbeerbreadbakery.ca\/wp-content\/uploads\/2024\/03\/Frozen-Dough-Method-2024-1-1187x1536.jpg 1187w, https:\/\/altruisticsbeerbreadbakery.ca\/wp-content\/uploads\/2024\/03\/Frozen-Dough-Method-2024-1-1583x2048.jpg 1583w, https:\/\/altruisticsbeerbreadbakery.ca\/wp-content\/uploads\/2024\/03\/Frozen-Dough-Method-2024-1-1140x1475.jpg 1140w, https:\/\/altruisticsbeerbreadbakery.ca\/wp-content\/uploads\/2024\/03\/Frozen-Dough-Method-2024-1-scaled.jpg 1978w\" sizes=\"(max-width: 791px) 100vw, 791px\" \/><figcaption class=\"wp-element-caption\">Frozen Dough method<\/figcaption><\/figure>\n\n\n\n<figure class=\"wp-block-image size-large\"><img loading=\"lazy\" decoding=\"async\" width=\"791\" height=\"1024\" src=\"https:\/\/altruisticsbeerbreadbakery.ca\/wp-content\/uploads\/2024\/03\/Frozen-Dough-Method-2024-2-791x1024.jpg\" alt=\"\" class=\"wp-image-2146\" srcset=\"https:\/\/altruisticsbeerbreadbakery.ca\/wp-content\/uploads\/2024\/03\/Frozen-Dough-Method-2024-2-791x1024.jpg 791w, https:\/\/altruisticsbeerbreadbakery.ca\/wp-content\/uploads\/2024\/03\/Frozen-Dough-Method-2024-2-232x300.jpg 232w, https:\/\/altruisticsbeerbreadbakery.ca\/wp-content\/uploads\/2024\/03\/Frozen-Dough-Method-2024-2-768x994.jpg 768w, https:\/\/altruisticsbeerbreadbakery.ca\/wp-content\/uploads\/2024\/03\/Frozen-Dough-Method-2024-2-1187x1536.jpg 1187w, https:\/\/altruisticsbeerbreadbakery.ca\/wp-content\/uploads\/2024\/03\/Frozen-Dough-Method-2024-2-1583x2048.jpg 1583w, https:\/\/altruisticsbeerbreadbakery.ca\/wp-content\/uploads\/2024\/03\/Frozen-Dough-Method-2024-2-1140x1475.jpg 1140w, https:\/\/altruisticsbeerbreadbakery.ca\/wp-content\/uploads\/2024\/03\/Frozen-Dough-Method-2024-2-scaled.jpg 1978w\" sizes=\"(max-width: 791px) 100vw, 791px\" \/><figcaption class=\"wp-element-caption\">M\u00e9thode de la p\u00e2te congel\u00e9e<\/figcaption><\/figure>\n\n\n\n<figure class=\"wp-block-embed is-type-video is-provider-youtube wp-block-embed-youtube wp-embed-aspect-16-9 wp-has-aspect-ratio\"><div class=\"wp-block-embed__wrapper\">\n<iframe title=\"Honey Garlic Ale Bread ~ How To video\" width=\"640\" height=\"360\" src=\"https:\/\/www.youtube.com\/embed\/WWPsSM-teZo?start=36&#038;feature=oembed\" frameborder=\"0\" allow=\"accelerometer; autoplay; clipboard-write; encrypted-media; gyroscope; picture-in-picture; web-share\" referrerpolicy=\"strict-origin-when-cross-origin\" allowfullscreen><\/iframe>\n<\/div><figcaption class=\"wp-element-caption\">Honey Garlic How To Video<\/figcaption><\/figure>\n\n\n\n<figure class=\"wp-block-embed is-type-video is-provider-youtube wp-block-embed-youtube wp-embed-aspect-16-9 wp-has-aspect-ratio\"><div class=\"wp-block-embed__wrapper\">\n<iframe title=\"Oatmeal Stout bread ~ How To video\" width=\"640\" height=\"360\" src=\"https:\/\/www.youtube.com\/embed\/9QGcaXh0aig?feature=oembed\" frameborder=\"0\" allow=\"accelerometer; autoplay; clipboard-write; encrypted-media; gyroscope; picture-in-picture; web-share\" referrerpolicy=\"strict-origin-when-cross-origin\" allowfullscreen><\/iframe>\n<\/div><figcaption class=\"wp-element-caption\">Oatmeal Stout How To Video<\/figcaption><\/figure>\n\n\n\n<div class=\"wp-block-buttons is-horizontal is-content-justification-center is-layout-flex wp-container-core-buttons-is-layout-499968f5 wp-block-buttons-is-layout-flex\">\n<div class=\"wp-block-button\"><a class=\"wp-block-button__link has-background wp-element-button\" href=\"https:\/\/altruisticsbeerbreadbakery.ca\/?page_id=691\" style=\"background-color:#9c5605\" target=\"_blank\" rel=\"noreferrer noopener\">Contact Us<\/a><\/div>\n<\/div>\n","protected":false},"excerpt":{"rendered":"<p>Al Truistic&#8217;s Beer Bread Bakery&#8217;s methods and videos. PLEASE NOTE: DO NOT USE BEERS BREWED WITH COFFEE COFFEE KILLS THE YEAST AND THE DOUGH WILL NOT RISE.<\/p>\n","protected":false},"author":1,"featured_media":0,"parent":0,"menu_order":0,"comment_status":"open","ping_status":"closed","template":"","meta":{"_themeisle_gutenberg_block_has_review":false,"_starter_page_template":"","_wpcom_template_layout_category":[],"footnotes":""},"class_list":["post-949","page","type-page","status-publish","hentry"],"featured_image_urls_v2":{"full":"","thumbnail":"","medium":"","medium_large":"","large":"","1536x1536":"","2048x2048":"","newspack-article-block-landscape-large":"","newspack-article-block-portrait-large":"","newspack-article-block-square-large":"","newspack-article-block-landscape-medium":"","newspack-article-block-portrait-medium":"","newspack-article-block-square-medium":"","newspack-article-block-landscape-intermediate":"","newspack-article-block-portrait-intermediate":"","newspack-article-block-square-intermediate":"","newspack-article-block-landscape-small":"","newspack-article-block-portrait-small":"","newspack-article-block-square-small":"","newspack-article-block-landscape-tiny":"","newspack-article-block-portrait-tiny":"","newspack-article-block-square-tiny":"","newspack-article-block-uncropped":"","centurylib-thumb-400x300":"","slain-thumb-75x75":"","slain-thumb-300x200":"","slain-thumb-300x300":"","slain-thumb-400x500":"","slain-thumb-400x600":"","slain-thumb-500x300":"","slain-thumb-500x365":"","slain-thumb-600x600":"","slain-thumb-800x600":"","slain-thumb-1140xauto":"","slain-thumb-1200x540":""},"post_excerpt_stackable_v2":"<p>Al Truistic&#8217;s Beer Bread Bakery&#8217;s methods and videos. PLEASE NOTE: DO NOT USE BEERS BREWED WITH COFFEE COFFEE KILLS THE YEAST AND THE DOUGH WILL NOT RISE. Method p1 Method p2 M\u00e9thode &#8211; p1 M\u00e9thode &#8211; p2 Bread Machine Method Frozen Dough method M\u00e9thode de la p\u00e2te congel\u00e9e Honey Garlic How To Video Oatmeal Stout How To Video Contact Us<\/p>\n","category_list_v2":"","author_info_v2":{"name":"AlTruistic","url":"https:\/\/altruisticsbeerbreadbakery.ca\/?author=1"},"comments_num_v2":"0 comments","yoast_head":"<!-- This site is optimized with the Yoast SEO plugin v27.4 - https:\/\/yoast.com\/product\/yoast-seo-wordpress\/ -->\n<title>Al Truistic&#039;s Method and Video page Al Truistic&#039;s Beer Bread Bakery<\/title>\n<meta name=\"description\" content=\"Al Truistic&#039;s Method and Video Page has all the information needed to use Al Truistic&#039;s Beer Bread Bakery&#039;s Craft Beer Bread kits.\" \/>\n<meta name=\"robots\" content=\"index, follow, max-snippet:-1, max-image-preview:large, max-video-preview:-1\" \/>\n<link rel=\"canonical\" href=\"https:\/\/altruisticsbeerbreadbakery.ca\/?page_id=949\" \/>\n<meta property=\"og:locale\" content=\"en_US\" \/>\n<meta property=\"og:type\" content=\"article\" \/>\n<meta property=\"og:title\" content=\"Al Truistic&#039;s Method and Video page Al Truistic&#039;s Beer Bread Bakery\" \/>\n<meta property=\"og:description\" content=\"Al Truistic&#039;s Method and Video Page has all the information needed to use Al Truistic&#039;s Beer Bread Bakery&#039;s Craft Beer Bread kits.\" \/>\n<meta property=\"og:url\" content=\"https:\/\/altruisticsbeerbreadbakery.ca\/?page_id=949\" \/>\n<meta property=\"og:site_name\" content=\"Al Truistic&#039;s Beer Bread Bakery\" \/>\n<meta property=\"article:publisher\" content=\"https:\/\/www.facebook.com\/?sk=h_chr\" \/>\n<meta property=\"article:modified_time\" content=\"2026-02-24T19:27:17+00:00\" \/>\n<meta property=\"og:image\" content=\"http:\/\/altruisticsbeerbreadbakery.ca\/wp-content\/uploads\/2021\/06\/inserts_QRCode-1-791x1024.jpg\" \/>\n<meta name=\"twitter:card\" content=\"summary_large_image\" \/>\n<meta name=\"twitter:label1\" content=\"Est. reading time\" \/>\n\t<meta name=\"twitter:data1\" content=\"2 minutes\" \/>\n<script type=\"application\/ld+json\" class=\"yoast-schema-graph\">{\"@context\":\"https:\\\/\\\/schema.org\",\"@graph\":[{\"@type\":\"WebPage\",\"@id\":\"https:\\\/\\\/altruisticsbeerbreadbakery.ca\\\/?page_id=949\",\"url\":\"https:\\\/\\\/altruisticsbeerbreadbakery.ca\\\/?page_id=949\",\"name\":\"Al Truistic's Method and Video page Al Truistic&#039;s Beer Bread Bakery\",\"isPartOf\":{\"@id\":\"https:\\\/\\\/altruisticsbeerbreadbakery.ca\\\/#website\"},\"primaryImageOfPage\":{\"@id\":\"https:\\\/\\\/altruisticsbeerbreadbakery.ca\\\/?page_id=949#primaryimage\"},\"image\":{\"@id\":\"https:\\\/\\\/altruisticsbeerbreadbakery.ca\\\/?page_id=949#primaryimage\"},\"thumbnailUrl\":\"http:\\\/\\\/altruisticsbeerbreadbakery.ca\\\/wp-content\\\/uploads\\\/2021\\\/06\\\/inserts_QRCode-1-791x1024.jpg\",\"datePublished\":\"2021-10-23T12:14:17+00:00\",\"dateModified\":\"2026-02-24T19:27:17+00:00\",\"description\":\"Al Truistic's Method and Video Page has all the information needed to use Al Truistic's Beer Bread Bakery's Craft Beer Bread kits.\",\"breadcrumb\":{\"@id\":\"https:\\\/\\\/altruisticsbeerbreadbakery.ca\\\/?page_id=949#breadcrumb\"},\"inLanguage\":\"en-CA\",\"potentialAction\":[{\"@type\":\"ReadAction\",\"target\":[\"https:\\\/\\\/altruisticsbeerbreadbakery.ca\\\/?page_id=949\"]}]},{\"@type\":\"ImageObject\",\"inLanguage\":\"en-CA\",\"@id\":\"https:\\\/\\\/altruisticsbeerbreadbakery.ca\\\/?page_id=949#primaryimage\",\"url\":\"http:\\\/\\\/altruisticsbeerbreadbakery.ca\\\/wp-content\\\/uploads\\\/2021\\\/06\\\/inserts_QRCode-1-791x1024.jpg\",\"contentUrl\":\"http:\\\/\\\/altruisticsbeerbreadbakery.ca\\\/wp-content\\\/uploads\\\/2021\\\/06\\\/inserts_QRCode-1-791x1024.jpg\"},{\"@type\":\"BreadcrumbList\",\"@id\":\"https:\\\/\\\/altruisticsbeerbreadbakery.ca\\\/?page_id=949#breadcrumb\",\"itemListElement\":[{\"@type\":\"ListItem\",\"position\":1,\"name\":\"Home\",\"item\":\"https:\\\/\\\/altruisticsbeerbreadbakery.ca\\\/\"},{\"@type\":\"ListItem\",\"position\":2,\"name\":\"How Tos\"}]},{\"@type\":\"WebSite\",\"@id\":\"https:\\\/\\\/altruisticsbeerbreadbakery.ca\\\/#website\",\"url\":\"https:\\\/\\\/altruisticsbeerbreadbakery.ca\\\/\",\"name\":\"Al Truistic's Beer Bread Bakery\",\"description\":\"There&#039;s passion in our hearth\",\"potentialAction\":[{\"@type\":\"SearchAction\",\"target\":{\"@type\":\"EntryPoint\",\"urlTemplate\":\"https:\\\/\\\/altruisticsbeerbreadbakery.ca\\\/?s={search_term_string}\"},\"query-input\":{\"@type\":\"PropertyValueSpecification\",\"valueRequired\":true,\"valueName\":\"search_term_string\"}}],\"inLanguage\":\"en-CA\"}]}<\/script>\n<!-- \/ Yoast SEO plugin. -->","yoast_head_json":{"title":"Al Truistic's Method and Video page Al Truistic&#039;s Beer Bread Bakery","description":"Al Truistic's Method and Video Page has all the information needed to use Al Truistic's Beer Bread Bakery's Craft Beer Bread kits.","robots":{"index":"index","follow":"follow","max-snippet":"max-snippet:-1","max-image-preview":"max-image-preview:large","max-video-preview":"max-video-preview:-1"},"canonical":"https:\/\/altruisticsbeerbreadbakery.ca\/?page_id=949","og_locale":"en_US","og_type":"article","og_title":"Al Truistic's Method and Video page Al Truistic&#039;s Beer Bread Bakery","og_description":"Al Truistic's Method and Video Page has all the information needed to use Al Truistic's Beer Bread Bakery's Craft Beer Bread kits.","og_url":"https:\/\/altruisticsbeerbreadbakery.ca\/?page_id=949","og_site_name":"Al Truistic&#039;s Beer Bread Bakery","article_publisher":"https:\/\/www.facebook.com\/?sk=h_chr","article_modified_time":"2026-02-24T19:27:17+00:00","og_image":[{"url":"http:\/\/altruisticsbeerbreadbakery.ca\/wp-content\/uploads\/2021\/06\/inserts_QRCode-1-791x1024.jpg","type":"","width":"","height":""}],"twitter_card":"summary_large_image","twitter_misc":{"Est. reading time":"2 minutes"},"schema":{"@context":"https:\/\/schema.org","@graph":[{"@type":"WebPage","@id":"https:\/\/altruisticsbeerbreadbakery.ca\/?page_id=949","url":"https:\/\/altruisticsbeerbreadbakery.ca\/?page_id=949","name":"Al Truistic's Method and Video page Al Truistic&#039;s Beer Bread Bakery","isPartOf":{"@id":"https:\/\/altruisticsbeerbreadbakery.ca\/#website"},"primaryImageOfPage":{"@id":"https:\/\/altruisticsbeerbreadbakery.ca\/?page_id=949#primaryimage"},"image":{"@id":"https:\/\/altruisticsbeerbreadbakery.ca\/?page_id=949#primaryimage"},"thumbnailUrl":"http:\/\/altruisticsbeerbreadbakery.ca\/wp-content\/uploads\/2021\/06\/inserts_QRCode-1-791x1024.jpg","datePublished":"2021-10-23T12:14:17+00:00","dateModified":"2026-02-24T19:27:17+00:00","description":"Al Truistic's Method and Video Page has all the information needed to use Al Truistic's Beer Bread Bakery's Craft Beer Bread kits.","breadcrumb":{"@id":"https:\/\/altruisticsbeerbreadbakery.ca\/?page_id=949#breadcrumb"},"inLanguage":"en-CA","potentialAction":[{"@type":"ReadAction","target":["https:\/\/altruisticsbeerbreadbakery.ca\/?page_id=949"]}]},{"@type":"ImageObject","inLanguage":"en-CA","@id":"https:\/\/altruisticsbeerbreadbakery.ca\/?page_id=949#primaryimage","url":"http:\/\/altruisticsbeerbreadbakery.ca\/wp-content\/uploads\/2021\/06\/inserts_QRCode-1-791x1024.jpg","contentUrl":"http:\/\/altruisticsbeerbreadbakery.ca\/wp-content\/uploads\/2021\/06\/inserts_QRCode-1-791x1024.jpg"},{"@type":"BreadcrumbList","@id":"https:\/\/altruisticsbeerbreadbakery.ca\/?page_id=949#breadcrumb","itemListElement":[{"@type":"ListItem","position":1,"name":"Home","item":"https:\/\/altruisticsbeerbreadbakery.ca\/"},{"@type":"ListItem","position":2,"name":"How Tos"}]},{"@type":"WebSite","@id":"https:\/\/altruisticsbeerbreadbakery.ca\/#website","url":"https:\/\/altruisticsbeerbreadbakery.ca\/","name":"Al Truistic's Beer Bread Bakery","description":"There&#039;s passion in our hearth","potentialAction":[{"@type":"SearchAction","target":{"@type":"EntryPoint","urlTemplate":"https:\/\/altruisticsbeerbreadbakery.ca\/?s={search_term_string}"},"query-input":{"@type":"PropertyValueSpecification","valueRequired":true,"valueName":"search_term_string"}}],"inLanguage":"en-CA"}]}},"jetpack_sharing_enabled":true,"_links":{"self":[{"href":"https:\/\/altruisticsbeerbreadbakery.ca\/index.php?rest_route=\/wp\/v2\/pages\/949","targetHints":{"allow":["GET"]}}],"collection":[{"href":"https:\/\/altruisticsbeerbreadbakery.ca\/index.php?rest_route=\/wp\/v2\/pages"}],"about":[{"href":"https:\/\/altruisticsbeerbreadbakery.ca\/index.php?rest_route=\/wp\/v2\/types\/page"}],"author":[{"embeddable":true,"href":"https:\/\/altruisticsbeerbreadbakery.ca\/index.php?rest_route=\/wp\/v2\/users\/1"}],"replies":[{"embeddable":true,"href":"https:\/\/altruisticsbeerbreadbakery.ca\/index.php?rest_route=%2Fwp%2Fv2%2Fcomments&post=949"}],"version-history":[{"count":1,"href":"https:\/\/altruisticsbeerbreadbakery.ca\/index.php?rest_route=\/wp\/v2\/pages\/949\/revisions"}],"predecessor-version":[{"id":14052,"href":"https:\/\/altruisticsbeerbreadbakery.ca\/index.php?rest_route=\/wp\/v2\/pages\/949\/revisions\/14052"}],"wp:attachment":[{"href":"https:\/\/altruisticsbeerbreadbakery.ca\/index.php?rest_route=%2Fwp%2Fv2%2Fmedia&parent=949"}],"curies":[{"name":"wp","href":"https:\/\/api.w.org\/{rel}","templated":true}]}}